{"id":1211,"date":"2026-03-13T10:22:21","date_gmt":"2026-03-13T10:22:21","guid":{"rendered":"https:\/\/novumclinic.ro\/index.php\/product\/ochelari-de-vedere-vogue-vo5522-3101-54\/"},"modified":"2026-03-13T10:27:39","modified_gmt":"2026-03-13T10:27:39","slug":"ochelari-de-vedere-vogue-vo5522-3101-54","status":"publish","type":"product","link":"https:\/\/novumclinic.ro\/index.php\/product\/ochelari-de-vedere-vogue-vo5522-3101-54\/","title":{"rendered":"Ochelari de vedere Vogue VO5522 3101 54"},"content":{"rendered":"<p>Modelul Vogue VO5522 3101 face parte din colec\u021biile \u201eIn Vogue\u201d, fiind un tribut adus designului italian contemporan care \u00eembin\u0103 formele \u00eendr\u0103zne\u021be cu purtabilitatea zilnic\u0103.<\/p>\n<ul>\n<li>Design \u0219i Culoare: Rama are o form\u0103 Butterfly (fluture) cu accente geometrice, o siluet\u0103 care ofer\u0103 un efect de lifting vizual. Culoarea 3101 (Top Brown\/Full Nude) este o combina\u021bie superb\u0103 de maro \u00een partea superioar\u0103 care se tope\u0219te \u00eentr-un nude translucid.<\/li>\n<li>Material \u0219i Confort: Fabricat\u0103 din material injectat premium, rama este extrem de u\u0219oar\u0103 \u0219i hipoalergenic\u0103. Structura \u201efull rim\u201d este ideal\u0103 pentru montarea lentilelor cu dioptrii mari.<\/li>\n<li>Detalii Tehnice: Bra\u021bele sunt finisate cu logo-ul discret Vogue. Dimensiunea de 54 mm ofer\u0103 o acoperire generoas\u0103 \u0219i un look modern.<\/li>\n<\/ul>\n\n    <div class=\"xs_social_share_widget xs_share_url after_content \t\tmain_content  wslu-style-1 wslu-share-box-shaped wslu-fill-colored wslu-none wslu-share-horizontal wslu-theme-font-no wslu-main_content\">\n\n\t\t\n        <ul>\n\t\t\t        <\/ul>\n    <\/div> \n","protected":false},"excerpt":{"rendered":"<p>Ramele de vedere Vogue VO5522 3101 propun un stil sofisticat \u0219i feminin, remarc\u00e2ndu-se prin forma lor Butterfly\/Geometric\u0103 \u0219i nuan\u021ba elegant\u0103 de maro degrade (Top Brown\/Nude). Realiza\u021bi din injectat (plastic) de \u00eenalt\u0103 calitate, ace\u0219ti ochelari sunt concepu\u021bi pentru a oferi o prezen\u021b\u0103 chic \u0219i modern\u0103, fiind accesoriul ideal pentru femeia care dore\u0219te s\u0103 \u00ee\u0219i pun\u0103 \u00een valoare tr\u0103s\u0103turile cu un design rafinat.<\/p>\n","protected":false},"featured_media":1210,"comment_status":"open","ping_status":"closed","template":"","meta":{"postBodyCss":"","postBodyMargin":[],"postBodyPadding":[],"postBodyBackground":{"backgroundType":"classic","gradient":""}},"product_brand":[],"product_cat":[31,30],"product_tag":[],"class_list":{"0":"post-1211","1":"product","2":"type-product","3":"status-publish","4":"has-post-thumbnail","6":"product_cat-ochelari","7":"product_cat-ochelari-femei","9":"first","10":"instock","11":"shipping-taxable","12":"purchasable","13":"product-type-simple"},"_links":{"self":[{"href":"https:\/\/novumclinic.ro\/index.php\/wp-json\/wp\/v2\/product\/1211","targetHints":{"allow":["GET"]}}],"collection":[{"href":"https:\/\/novumclinic.ro\/index.php\/wp-json\/wp\/v2\/product"}],"about":[{"href":"https:\/\/novumclinic.ro\/index.php\/wp-json\/wp\/v2\/types\/product"}],"replies":[{"embeddable":true,"href":"https:\/\/novumclinic.ro\/index.php\/wp-json\/wp\/v2\/comments?post=1211"}],"wp:featuredmedia":[{"embeddable":true,"href":"https:\/\/novumclinic.ro\/index.php\/wp-json\/wp\/v2\/media\/1210"}],"wp:attachment":[{"href":"https:\/\/novumclinic.ro\/index.php\/wp-json\/wp\/v2\/media?parent=1211"}],"wp:term":[{"taxonomy":"product_brand","embeddable":true,"href":"https:\/\/novumclinic.ro\/index.php\/wp-json\/wp\/v2\/product_brand?post=1211"},{"taxonomy":"product_cat","embeddable":true,"href":"https:\/\/novumclinic.ro\/index.php\/wp-json\/wp\/v2\/product_cat?post=1211"},{"taxonomy":"product_tag","embeddable":true,"href":"https:\/\/novumclinic.ro\/index.php\/wp-json\/wp\/v2\/product_tag?post=1211"}],"curies":[{"name":"wp","href":"https:\/\/api.w.org\/{rel}","templated":true}]}}