{"id":1223,"date":"2026-03-13T10:47:17","date_gmt":"2026-03-13T10:47:17","guid":{"rendered":"https:\/\/novumclinic.ro\/index.php\/product\/ochelari-de-vedere-femei-vogue-vo4333-5149-54\/"},"modified":"2026-03-13T10:47:18","modified_gmt":"2026-03-13T10:47:18","slug":"ochelari-de-vedere-femei-vogue-vo4333-5149-54","status":"publish","type":"product","link":"https:\/\/novumclinic.ro\/index.php\/product\/ochelari-de-vedere-femei-vogue-vo4333-5149-54\/","title":{"rendered":"Ochelari de vedere femei Vogue VO4333 5149 54"},"content":{"rendered":"<p>Modelul <b>Vogue VO4333 5149<\/b> face parte din colec\u021biile de top ale brandului, pun\u00e2nd accent pe detalii metalice fine \u0219i o siluet\u0103 care avantajeaz\u0103 orice fizionomie.<\/p>\n<ul>\n<li><b>Design \u0219i Culoare:<\/b> Rama are o form\u0103 <b>Cat-Eye<\/b> discret\u0103, care ofer\u0103 un efect de lifting vizual \u0219i accentueaz\u0103 privirea. Combina\u021bia de culori <b>5149 (Gold\/Black)<\/b> ofer\u0103 un contrast luxos \u0219i versatil.<\/li>\n<li><b>Material \u0219i Confort:<\/b> Fabricat\u0103 din <b>metal premium<\/b>, rama este extrem de sub\u021bire, u\u0219oar\u0103 \u0219i rezistent\u0103. Puntea nazal\u0103 este prev\u0103zut\u0103 cu perni\u021be ajustabile pentru o fixare personalizat\u0103 \u0219i confortabil\u0103.<\/li>\n<li><b>Detalii Tehnice:<\/b> Bra\u021bele metalice sunt finisate cu logo-ul discret <b>Vogue<\/b> \u0219i au termina\u021bii din acetat pentru a preveni disconfortul \u00een spatele urechilor.<\/li>\n<\/ul>\n\n    <div class=\"xs_social_share_widget xs_share_url after_content \t\tmain_content  wslu-style-1 wslu-share-box-shaped wslu-fill-colored wslu-none wslu-share-horizontal wslu-theme-font-no wslu-main_content\">\n\n\t\t\n        <ul>\n\t\t\t        <\/ul>\n    <\/div> \n","protected":false},"excerpt":{"rendered":"<p>Ramele de vedere <b>Vogue VO4333 5149<\/b> sunt defini\u021bia elegan\u021bei moderne, remarc\u00e2ndu-se prin forma lor <b>Cat-Eye<\/b> sofisticat\u0103 \u0219i nuan\u021ba rafinat\u0103 de <b>auriu cu inser\u021bii negre<\/b>. Realiza\u021bi din metal de \u00eenalt\u0103 calitate, ace\u0219ti ochelari sunt concepu\u021bi pentru a oferi un look chic \u0219i feminin, fiind accesoriul ideal pentru femeia care dore\u0219te s\u0103 \u00eembine stilul clasic cu tendin\u021bele contemporane.<\/p>\n","protected":false},"featured_media":1222,"comment_status":"open","ping_status":"closed","template":"","meta":{"postBodyCss":"","postBodyMargin":[],"postBodyPadding":[],"postBodyBackground":{"backgroundType":"classic","gradient":""}},"product_brand":[35],"product_cat":[31,30],"product_tag":[],"class_list":{"0":"post-1223","1":"product","2":"type-product","3":"status-publish","4":"has-post-thumbnail","6":"product_brand-vogue-eyewear","7":"product_cat-ochelari","8":"product_cat-ochelari-femei","10":"first","11":"instock","12":"shipping-taxable","13":"purchasable","14":"product-type-simple"},"_links":{"self":[{"href":"https:\/\/novumclinic.ro\/index.php\/wp-json\/wp\/v2\/product\/1223","targetHints":{"allow":["GET"]}}],"collection":[{"href":"https:\/\/novumclinic.ro\/index.php\/wp-json\/wp\/v2\/product"}],"about":[{"href":"https:\/\/novumclinic.ro\/index.php\/wp-json\/wp\/v2\/types\/product"}],"replies":[{"embeddable":true,"href":"https:\/\/novumclinic.ro\/index.php\/wp-json\/wp\/v2\/comments?post=1223"}],"wp:featuredmedia":[{"embeddable":true,"href":"https:\/\/novumclinic.ro\/index.php\/wp-json\/wp\/v2\/media\/1222"}],"wp:attachment":[{"href":"https:\/\/novumclinic.ro\/index.php\/wp-json\/wp\/v2\/media?parent=1223"}],"wp:term":[{"taxonomy":"product_brand","embeddable":true,"href":"https:\/\/novumclinic.ro\/index.php\/wp-json\/wp\/v2\/product_brand?post=1223"},{"taxonomy":"product_cat","embeddable":true,"href":"https:\/\/novumclinic.ro\/index.php\/wp-json\/wp\/v2\/product_cat?post=1223"},{"taxonomy":"product_tag","embeddable":true,"href":"https:\/\/novumclinic.ro\/index.php\/wp-json\/wp\/v2\/product_tag?post=1223"}],"curies":[{"name":"wp","href":"https:\/\/api.w.org\/{rel}","templated":true}]}}