{"id":1236,"date":"2026-03-13T10:54:59","date_gmt":"2026-03-13T10:54:59","guid":{"rendered":"https:\/\/novumclinic.ro\/index.php\/product\/ochelari-de-vedere-dama-liu-jo-lj2827-624\/"},"modified":"2026-03-13T10:54:59","modified_gmt":"2026-03-13T10:54:59","slug":"ochelari-de-vedere-dama-liu-jo-lj2827-624","status":"publish","type":"product","link":"https:\/\/novumclinic.ro\/index.php\/product\/ochelari-de-vedere-dama-liu-jo-lj2827-624\/","title":{"rendered":"Ochelari de vedere dama Liu Jo LJ2827 624"},"content":{"rendered":"<p>Modelul <b>Liu Jo LJ2827 624<\/b> este destinat femeilor care nu se tem s\u0103 ias\u0103 \u00een eviden\u021b\u0103 prin culori \u00eendr\u0103zne\u021be.<\/p>\n<ul>\n<li><b>Design:<\/b> Form\u0103 p\u0103trat\u0103 modern\u0103 cu margini bine definite.<\/li>\n<li><b>Material:<\/b> Acetat rezistent cu finisaj lucios.<\/li>\n<li><b>Detalii:<\/b> Logo Liu Jo discret pe bra\u021be pentru autenticitate.<\/li>\n<\/ul>\n\n    <div class=\"xs_social_share_widget xs_share_url after_content \t\tmain_content  wslu-style-1 wslu-share-box-shaped wslu-fill-colored wslu-none wslu-share-horizontal wslu-theme-font-no wslu-main_content\">\n\n\t\t\n        <ul>\n\t\t\t        <\/ul>\n    <\/div> \n","protected":false},"excerpt":{"rendered":"<p>Ochelarii <b>Liu Jo LJ2827 624<\/b> se remarc\u0103 prin nuan\u021ba lor vibrant\u0103 de <b>ro\u0219u\/vi\u0219iniu<\/b>, oferind o form\u0103 <b>p\u0103trat\u0103<\/b> care define\u0219te tr\u0103s\u0103turile fe\u021bei. Aceast\u0103 ram\u0103 din acetat premium este un accesoriu statement care adaug\u0103 o not\u0103 de energie \u0219i elegan\u021b\u0103 oric\u0103rui look.<\/p>\n","protected":false},"featured_media":1235,"comment_status":"open","ping_status":"closed","template":"","meta":{"postBodyCss":"","postBodyMargin":[],"postBodyPadding":[],"postBodyBackground":{"backgroundType":"classic","gradient":""}},"product_brand":[45],"product_cat":[31,30],"product_tag":[],"class_list":{"0":"post-1236","1":"product","2":"type-product","3":"status-publish","4":"has-post-thumbnail","6":"product_brand-liu-jo","7":"product_cat-ochelari","8":"product_cat-ochelari-femei","10":"first","11":"instock","12":"shipping-taxable","13":"purchasable","14":"product-type-simple"},"_links":{"self":[{"href":"https:\/\/novumclinic.ro\/index.php\/wp-json\/wp\/v2\/product\/1236","targetHints":{"allow":["GET"]}}],"collection":[{"href":"https:\/\/novumclinic.ro\/index.php\/wp-json\/wp\/v2\/product"}],"about":[{"href":"https:\/\/novumclinic.ro\/index.php\/wp-json\/wp\/v2\/types\/product"}],"replies":[{"embeddable":true,"href":"https:\/\/novumclinic.ro\/index.php\/wp-json\/wp\/v2\/comments?post=1236"}],"wp:featuredmedia":[{"embeddable":true,"href":"https:\/\/novumclinic.ro\/index.php\/wp-json\/wp\/v2\/media\/1235"}],"wp:attachment":[{"href":"https:\/\/novumclinic.ro\/index.php\/wp-json\/wp\/v2\/media?parent=1236"}],"wp:term":[{"taxonomy":"product_brand","embeddable":true,"href":"https:\/\/novumclinic.ro\/index.php\/wp-json\/wp\/v2\/product_brand?post=1236"},{"taxonomy":"product_cat","embeddable":true,"href":"https:\/\/novumclinic.ro\/index.php\/wp-json\/wp\/v2\/product_cat?post=1236"},{"taxonomy":"product_tag","embeddable":true,"href":"https:\/\/novumclinic.ro\/index.php\/wp-json\/wp\/v2\/product_tag?post=1236"}],"curies":[{"name":"wp","href":"https:\/\/api.w.org\/{rel}","templated":true}]}}