{"id":1241,"date":"2026-03-13T11:21:26","date_gmt":"2026-03-13T11:21:26","guid":{"rendered":"https:\/\/novumclinic.ro\/index.php\/product\/rame-ochelari-de-vedere-dama-liu-jo-lj2169-714\/"},"modified":"2026-03-19T12:01:29","modified_gmt":"2026-03-19T12:01:29","slug":"rame-ochelari-de-vedere-dama-liu-jo-lj2169-714","status":"publish","type":"product","link":"https:\/\/novumclinic.ro\/index.php\/product\/rame-ochelari-de-vedere-dama-liu-jo-lj2169-714\/","title":{"rendered":"Rame ochelari de vedere dama Liu Jo LJ2169 714"},"content":{"rendered":"<p>Modelul <b>Liu Jo LJ2169<\/b> este perfect pentru persoanele care caut\u0103 o ram\u0103 metalic\u0103 sub\u021bire \u0219i u\u0219oar\u0103.<\/p>\n<ul>\n<li><b>Brand:<\/b> Liu Jo<\/li>\n<li><b>Culoare:<\/b> Auriu \/ Maro<\/li>\n<li><b>Material:<\/b> Metal<\/li>\n<\/ul>\n\n    <div class=\"xs_social_share_widget xs_share_url after_content \t\tmain_content  wslu-style-1 wslu-share-box-shaped wslu-fill-colored wslu-none wslu-share-horizontal wslu-theme-font-no wslu-main_content\">\n\n\t\t\n        <ul>\n\t\t\t        <\/ul>\n    <\/div> \n","protected":false},"excerpt":{"rendered":"<p>Ramele <b>Liu Jo LJ2169 714<\/b> sunt caracterizate printr-un design minimalist \u0219i elegant, av\u00e2nd o nuan\u021b\u0103 de <b>auriu\/maro<\/b> care ofer\u0103 o discre\u021bie sofisticat\u0103.<\/p>\n","protected":false},"featured_media":1404,"comment_status":"closed","ping_status":"closed","template":"","meta":{"postBodyCss":"","postBodyMargin":[],"postBodyPadding":[],"postBodyBackground":{"backgroundType":"classic","gradient":""}},"product_brand":[45],"product_cat":[31,30],"product_tag":[],"class_list":{"0":"post-1241","1":"product","2":"type-product","3":"status-publish","4":"has-post-thumbnail","6":"product_brand-liu-jo","7":"product_cat-ochelari","8":"product_cat-ochelari-femei","10":"first","11":"instock","12":"shipping-taxable","13":"purchasable","14":"product-type-simple"},"_links":{"self":[{"href":"https:\/\/novumclinic.ro\/index.php\/wp-json\/wp\/v2\/product\/1241","targetHints":{"allow":["GET"]}}],"collection":[{"href":"https:\/\/novumclinic.ro\/index.php\/wp-json\/wp\/v2\/product"}],"about":[{"href":"https:\/\/novumclinic.ro\/index.php\/wp-json\/wp\/v2\/types\/product"}],"replies":[{"embeddable":true,"href":"https:\/\/novumclinic.ro\/index.php\/wp-json\/wp\/v2\/comments?post=1241"}],"wp:featuredmedia":[{"embeddable":true,"href":"https:\/\/novumclinic.ro\/index.php\/wp-json\/wp\/v2\/media\/1404"}],"wp:attachment":[{"href":"https:\/\/novumclinic.ro\/index.php\/wp-json\/wp\/v2\/media?parent=1241"}],"wp:term":[{"taxonomy":"product_brand","embeddable":true,"href":"https:\/\/novumclinic.ro\/index.php\/wp-json\/wp\/v2\/product_brand?post=1241"},{"taxonomy":"product_cat","embeddable":true,"href":"https:\/\/novumclinic.ro\/index.php\/wp-json\/wp\/v2\/product_cat?post=1241"},{"taxonomy":"product_tag","embeddable":true,"href":"https:\/\/novumclinic.ro\/index.php\/wp-json\/wp\/v2\/product_tag?post=1241"}],"curies":[{"name":"wp","href":"https:\/\/api.w.org\/{rel}","templated":true}]}}